{"id":13593,"date":"2018-04-23T17:11:50","date_gmt":"2018-04-23T15:11:50","guid":{"rendered":"https:\/\/www.danord.it\/prodotto\/borge-mogensen-teak-table-with-two-extensions-cod-1198\/"},"modified":"2021-10-05T17:47:36","modified_gmt":"2021-10-05T15:47:36","slug":"borge-mogensen-teak-table-with-two-extensions-code-1198","status":"publish","type":"product","link":"https:\/\/www.danord.it\/en\/product\/borge-mogensen-teak-table-with-two-extensions-code-1198\/","title":{"rendered":"Borge Mogensen &#8211; Teak table with two extensions &#8211; Code  1198 &#8211;"},"content":{"rendered":"<p>This rare teak dining table was designed by B\u00f8rge Mogensen for S\u00f8borg M\u00f8belfabrik. Mogensen rarely uses steel as a material for his designs, but in this case he creates two opening arms that serve as supports for the side extensions. The combination of teak and steel gives a striking appearance and is reminiscent of the works of Jacobsen and Wegner. The table has slightly extended solid teak legs, giving it a strong personality. When both extensions are extended, using the simple but ingenious swivel supports, there is enough room for eight people at the table. The side extension leaves can easily be removed, just by lifting them up, they disengage from the table. This table would make a unique focal point for any modern dining environment.<\/p>\n<p>&nbsp;<\/p>\n<p>Measures: 139 x 90 x h 73 \/ plus n 2 extensions &#8211; 90 x 50<\/p>\n<p>&nbsp;<\/p>\n<p>Code 1198<\/p>\n<p>&nbsp;<\/p>\n","protected":false},"excerpt":{"rendered":"<p>This rare teak dining table was designed by B\u00f8rge Mogensen for S\u00f8borg M\u00f8belfabrik. Mogensen rarely uses steel as a material for his designs, but in this case he creates two opening arms that serve as supports for the side extensions. The combination of teak and steel gives a striking appearance and is reminiscent of the [&hellip;]<\/p>\n","protected":false},"featured_media":10947,"template":"","meta":{"_acf_changed":false},"product_brand":[],"product_cat":[285],"product_tag":[],"class_list":{"0":"post-13593","1":"product","2":"type-product","3":"status-publish","4":"has-post-thumbnail","6":"product_cat-archive","8":"first","9":"instock","10":"taxable","11":"shipping-taxable","12":"product-type-simple"},"acf":[],"yoast_head":"<!-- This site is optimized with the Yoast SEO plugin v27.4 - https:\/\/yoast.com\/product\/yoast-seo-wordpress\/ -->\n<title>Borge Mogensen - Teak table with two extensions - Code 1198 - Danord<\/title>\n<meta name=\"description\" content=\"Borge Mogensen - Teak table with two extensions - Code 1198 - su Danord - Design Storico Scandinavo\" \/>\n<meta name=\"robots\" content=\"index, follow, max-snippet:-1, max-image-preview:large, max-video-preview:-1\" \/>\n<link rel=\"canonical\" href=\"https:\/\/www.danord.it\/en\/product\/borge-mogensen-teak-table-with-two-extensions-code-1198\/\" \/>\n<meta property=\"og:locale\" content=\"en_US\" \/>\n<meta property=\"og:type\" content=\"article\" \/>\n<meta property=\"og:title\" content=\"Borge Mogensen - Teak table with two extensions - Code 1198 - Danord\" \/>\n<meta property=\"og:description\" content=\"Borge Mogensen - Teak table with two extensions - Code 1198 - su Danord - Design Storico Scandinavo\" \/>\n<meta property=\"og:url\" content=\"https:\/\/www.danord.it\/en\/product\/borge-mogensen-teak-table-with-two-extensions-code-1198\/\" \/>\n<meta property=\"og:site_name\" content=\"Danord\" \/>\n<meta property=\"article:modified_time\" content=\"2021-10-05T15:47:36+00:00\" \/>\n<meta property=\"og:image\" content=\"https:\/\/www.danord.it\/wp-content\/uploads\/2018\/04\/DANORD_luglio_2019_7735_r-1.jpg\" \/>\n\t<meta property=\"og:image:width\" content=\"900\" \/>\n\t<meta property=\"og:image:height\" content=\"600\" \/>\n\t<meta property=\"og:image:type\" content=\"image\/jpeg\" \/>\n<meta name=\"twitter:card\" content=\"summary_large_image\" \/>\n<meta name=\"twitter:label1\" content=\"Est. reading time\" \/>\n\t<meta name=\"twitter:data1\" content=\"1 minute\" \/>\n<script type=\"application\/ld+json\" class=\"yoast-schema-graph\">{\"@context\":\"https:\\\/\\\/schema.org\",\"@graph\":[{\"@type\":\"WebPage\",\"@id\":\"https:\\\/\\\/www.danord.it\\\/en\\\/product\\\/borge-mogensen-teak-table-with-two-extensions-code-1198\\\/\",\"url\":\"https:\\\/\\\/www.danord.it\\\/en\\\/product\\\/borge-mogensen-teak-table-with-two-extensions-code-1198\\\/\",\"name\":\"Borge Mogensen - Teak table with two extensions - Code 1198 - Danord\",\"isPartOf\":{\"@id\":\"https:\\\/\\\/www.danord.it\\\/en\\\/#website\"},\"primaryImageOfPage\":{\"@id\":\"https:\\\/\\\/www.danord.it\\\/en\\\/product\\\/borge-mogensen-teak-table-with-two-extensions-code-1198\\\/#primaryimage\"},\"image\":{\"@id\":\"https:\\\/\\\/www.danord.it\\\/en\\\/product\\\/borge-mogensen-teak-table-with-two-extensions-code-1198\\\/#primaryimage\"},\"thumbnailUrl\":\"https:\\\/\\\/www.danord.it\\\/wp-content\\\/uploads\\\/2018\\\/04\\\/DANORD_luglio_2019_7735_r-1.jpg\",\"datePublished\":\"2018-04-23T15:11:50+00:00\",\"dateModified\":\"2021-10-05T15:47:36+00:00\",\"description\":\"Borge Mogensen - Teak table with two extensions - Code 1198 - su Danord - Design Storico Scandinavo\",\"breadcrumb\":{\"@id\":\"https:\\\/\\\/www.danord.it\\\/en\\\/product\\\/borge-mogensen-teak-table-with-two-extensions-code-1198\\\/#breadcrumb\"},\"inLanguage\":\"en-US\",\"potentialAction\":[{\"@type\":\"ReadAction\",\"target\":[\"https:\\\/\\\/www.danord.it\\\/en\\\/product\\\/borge-mogensen-teak-table-with-two-extensions-code-1198\\\/\"]}]},{\"@type\":\"ImageObject\",\"inLanguage\":\"en-US\",\"@id\":\"https:\\\/\\\/www.danord.it\\\/en\\\/product\\\/borge-mogensen-teak-table-with-two-extensions-code-1198\\\/#primaryimage\",\"url\":\"https:\\\/\\\/www.danord.it\\\/wp-content\\\/uploads\\\/2018\\\/04\\\/DANORD_luglio_2019_7735_r-1.jpg\",\"contentUrl\":\"https:\\\/\\\/www.danord.it\\\/wp-content\\\/uploads\\\/2018\\\/04\\\/DANORD_luglio_2019_7735_r-1.jpg\",\"width\":900,\"height\":600,\"caption\":\"Borge Mogensen - Teak table with two extensions - cod. 1198 -\"},{\"@type\":\"BreadcrumbList\",\"@id\":\"https:\\\/\\\/www.danord.it\\\/en\\\/product\\\/borge-mogensen-teak-table-with-two-extensions-code-1198\\\/#breadcrumb\",\"itemListElement\":[{\"@type\":\"ListItem\",\"position\":1,\"name\":\"Home\",\"item\":\"https:\\\/\\\/www.danord.it\\\/en\\\/\"},{\"@type\":\"ListItem\",\"position\":2,\"name\":\"Shop\",\"item\":\"https:\\\/\\\/www.danord.it\\\/negozio\\\/\"},{\"@type\":\"ListItem\",\"position\":3,\"name\":\"Borge Mogensen &#8211; Teak table with two extensions &#8211; Code 1198 &#8211;\"}]},{\"@type\":\"WebSite\",\"@id\":\"https:\\\/\\\/www.danord.it\\\/en\\\/#website\",\"url\":\"https:\\\/\\\/www.danord.it\\\/en\\\/\",\"name\":\"Danord\",\"description\":\"Design Storico Scandinavo\",\"potentialAction\":[{\"@type\":\"SearchAction\",\"target\":{\"@type\":\"EntryPoint\",\"urlTemplate\":\"https:\\\/\\\/www.danord.it\\\/en\\\/?s={search_term_string}\"},\"query-input\":{\"@type\":\"PropertyValueSpecification\",\"valueRequired\":true,\"valueName\":\"search_term_string\"}}],\"inLanguage\":\"en-US\"}]}<\/script>\n<!-- \/ Yoast SEO plugin. -->","yoast_head_json":{"title":"Borge Mogensen - Teak table with two extensions - Code 1198 - Danord","description":"Borge Mogensen - Teak table with two extensions - Code 1198 - su Danord - Design Storico Scandinavo","robots":{"index":"index","follow":"follow","max-snippet":"max-snippet:-1","max-image-preview":"max-image-preview:large","max-video-preview":"max-video-preview:-1"},"canonical":"https:\/\/www.danord.it\/en\/product\/borge-mogensen-teak-table-with-two-extensions-code-1198\/","og_locale":"en_US","og_type":"article","og_title":"Borge Mogensen - Teak table with two extensions - Code 1198 - Danord","og_description":"Borge Mogensen - Teak table with two extensions - Code 1198 - su Danord - Design Storico Scandinavo","og_url":"https:\/\/www.danord.it\/en\/product\/borge-mogensen-teak-table-with-two-extensions-code-1198\/","og_site_name":"Danord","article_modified_time":"2021-10-05T15:47:36+00:00","og_image":[{"width":900,"height":600,"url":"https:\/\/www.danord.it\/wp-content\/uploads\/2018\/04\/DANORD_luglio_2019_7735_r-1.jpg","type":"image\/jpeg"}],"twitter_card":"summary_large_image","twitter_misc":{"Est. reading time":"1 minute"},"schema":{"@context":"https:\/\/schema.org","@graph":[{"@type":"WebPage","@id":"https:\/\/www.danord.it\/en\/product\/borge-mogensen-teak-table-with-two-extensions-code-1198\/","url":"https:\/\/www.danord.it\/en\/product\/borge-mogensen-teak-table-with-two-extensions-code-1198\/","name":"Borge Mogensen - Teak table with two extensions - Code 1198 - Danord","isPartOf":{"@id":"https:\/\/www.danord.it\/en\/#website"},"primaryImageOfPage":{"@id":"https:\/\/www.danord.it\/en\/product\/borge-mogensen-teak-table-with-two-extensions-code-1198\/#primaryimage"},"image":{"@id":"https:\/\/www.danord.it\/en\/product\/borge-mogensen-teak-table-with-two-extensions-code-1198\/#primaryimage"},"thumbnailUrl":"https:\/\/www.danord.it\/wp-content\/uploads\/2018\/04\/DANORD_luglio_2019_7735_r-1.jpg","datePublished":"2018-04-23T15:11:50+00:00","dateModified":"2021-10-05T15:47:36+00:00","description":"Borge Mogensen - Teak table with two extensions - Code 1198 - su Danord - Design Storico Scandinavo","breadcrumb":{"@id":"https:\/\/www.danord.it\/en\/product\/borge-mogensen-teak-table-with-two-extensions-code-1198\/#breadcrumb"},"inLanguage":"en-US","potentialAction":[{"@type":"ReadAction","target":["https:\/\/www.danord.it\/en\/product\/borge-mogensen-teak-table-with-two-extensions-code-1198\/"]}]},{"@type":"ImageObject","inLanguage":"en-US","@id":"https:\/\/www.danord.it\/en\/product\/borge-mogensen-teak-table-with-two-extensions-code-1198\/#primaryimage","url":"https:\/\/www.danord.it\/wp-content\/uploads\/2018\/04\/DANORD_luglio_2019_7735_r-1.jpg","contentUrl":"https:\/\/www.danord.it\/wp-content\/uploads\/2018\/04\/DANORD_luglio_2019_7735_r-1.jpg","width":900,"height":600,"caption":"Borge Mogensen - Teak table with two extensions - cod. 1198 -"},{"@type":"BreadcrumbList","@id":"https:\/\/www.danord.it\/en\/product\/borge-mogensen-teak-table-with-two-extensions-code-1198\/#breadcrumb","itemListElement":[{"@type":"ListItem","position":1,"name":"Home","item":"https:\/\/www.danord.it\/en\/"},{"@type":"ListItem","position":2,"name":"Shop","item":"https:\/\/www.danord.it\/negozio\/"},{"@type":"ListItem","position":3,"name":"Borge Mogensen &#8211; Teak table with two extensions &#8211; Code 1198 &#8211;"}]},{"@type":"WebSite","@id":"https:\/\/www.danord.it\/en\/#website","url":"https:\/\/www.danord.it\/en\/","name":"Danord","description":"Design Storico Scandinavo","potentialAction":[{"@type":"SearchAction","target":{"@type":"EntryPoint","urlTemplate":"https:\/\/www.danord.it\/en\/?s={search_term_string}"},"query-input":{"@type":"PropertyValueSpecification","valueRequired":true,"valueName":"search_term_string"}}],"inLanguage":"en-US"}]}},"_links":{"self":[{"href":"https:\/\/www.danord.it\/en\/wp-json\/wp\/v2\/product\/13593","targetHints":{"allow":["GET"]}}],"collection":[{"href":"https:\/\/www.danord.it\/en\/wp-json\/wp\/v2\/product"}],"about":[{"href":"https:\/\/www.danord.it\/en\/wp-json\/wp\/v2\/types\/product"}],"wp:featuredmedia":[{"embeddable":true,"href":"https:\/\/www.danord.it\/en\/wp-json\/wp\/v2\/media\/10947"}],"wp:attachment":[{"href":"https:\/\/www.danord.it\/en\/wp-json\/wp\/v2\/media?parent=13593"}],"wp:term":[{"taxonomy":"product_brand","embeddable":true,"href":"https:\/\/www.danord.it\/en\/wp-json\/wp\/v2\/product_brand?post=13593"},{"taxonomy":"product_cat","embeddable":true,"href":"https:\/\/www.danord.it\/en\/wp-json\/wp\/v2\/product_cat?post=13593"},{"taxonomy":"product_tag","embeddable":true,"href":"https:\/\/www.danord.it\/en\/wp-json\/wp\/v2\/product_tag?post=13593"}],"curies":[{"name":"wp","href":"https:\/\/api.w.org\/{rel}","templated":true}]}}