{"id":14389,"date":"2016-10-26T17:41:02","date_gmt":"2016-10-26T15:41:02","guid":{"rendered":"https:\/\/www.danord.it\/prodotto\/side-table-by-yngve-ekstrom-cod-778\/"},"modified":"2021-10-06T17:27:45","modified_gmt":"2021-10-06T15:27:45","slug":"side-table-by-yngve-ekstrom-code-778","status":"publish","type":"product","link":"https:\/\/www.danord.it\/en\/product\/side-table-by-yngve-ekstrom-code-778\/","title":{"rendered":"Side table by Yngve Ekstr\u00f6m &#8211; Code 778"},"content":{"rendered":"<p>Teak and oak coffee table . In this era architects and designers who designed this furniture often loved to combine different woods, giving space to detail and leaving the &#8220;construction&#8221; of each piece visible. This coffee table is a significant example of this.<\/p>\n<p>Designer Yngve Ekstr\u00f6m<\/p>\n<p>producer Westborgs<\/p>\n<p>Made in Sweden<\/p>\n<p>Size: 180 x 50 x h. 40,5<\/p>\n<p>Yngve Ekstr\u00f6m was born 16 June 1913 in Hagafors, Sm\u00e5land. From 1988 he was a Swedish furniture designer, carver, sculptor and architect. Yngve Ekstr\u00f6m is often associated with the chair &#8220;Lamino&#8221;, which in 1999 was named by the Swedish magazine &#8220;Sk\u00f6na Hems&#8221; as the Swedish furniture design of the century. Ekstr\u00f6m was also co-founder of the company &#8220;Swedese&#8221;, where he worked for over 40 years until his death in 1988.<\/p>\n<p>&nbsp;<\/p>\n<p>Code 778<\/p>\n","protected":false},"excerpt":{"rendered":"<p>Teak and oak coffee table . In this era architects and designers who designed this furniture often loved to combine different woods, giving space to detail and leaving the &#8220;construction&#8221; of each piece visible. This coffee table is a significant example of this. Designer Yngve Ekstr\u00f6m producer Westborgs Made in Sweden Size: 180 x 50 [&hellip;]<\/p>\n","protected":false},"featured_media":3876,"template":"","meta":{"_acf_changed":false},"product_brand":[],"product_cat":[285],"product_tag":[],"class_list":{"0":"post-14389","1":"product","2":"type-product","3":"status-publish","4":"has-post-thumbnail","6":"product_cat-archive","8":"first","9":"instock","10":"taxable","11":"shipping-taxable","12":"product-type-simple"},"acf":[],"yoast_head":"<!-- This site is optimized with the Yoast SEO plugin v27.4 - https:\/\/yoast.com\/product\/yoast-seo-wordpress\/ -->\n<title>Side table by Yngve Ekstr\u00f6m - Code 778 - Danord<\/title>\n<meta name=\"description\" content=\"Side table by Yngve Ekstr\u00f6m - Code 778 su Danord - Design Storico Scandinavo\" \/>\n<meta name=\"robots\" content=\"index, follow, max-snippet:-1, max-image-preview:large, max-video-preview:-1\" \/>\n<link rel=\"canonical\" href=\"https:\/\/www.danord.it\/en\/product\/side-table-by-yngve-ekstrom-code-778\/\" \/>\n<meta property=\"og:locale\" content=\"en_US\" \/>\n<meta property=\"og:type\" content=\"article\" \/>\n<meta property=\"og:title\" content=\"Side table by Yngve Ekstr\u00f6m - Code 778 - Danord\" \/>\n<meta property=\"og:description\" content=\"Side table by Yngve Ekstr\u00f6m - Code 778 su Danord - Design Storico Scandinavo\" \/>\n<meta property=\"og:url\" content=\"https:\/\/www.danord.it\/en\/product\/side-table-by-yngve-ekstrom-code-778\/\" \/>\n<meta property=\"og:site_name\" content=\"Danord\" \/>\n<meta property=\"article:modified_time\" content=\"2021-10-06T15:27:45+00:00\" \/>\n<meta property=\"og:image\" content=\"https:\/\/www.danord.it\/wp-content\/uploads\/2016\/10\/DANORD_2016_11007_r.jpg\" \/>\n\t<meta property=\"og:image:width\" content=\"900\" \/>\n\t<meta property=\"og:image:height\" content=\"600\" \/>\n\t<meta property=\"og:image:type\" content=\"image\/jpeg\" \/>\n<meta name=\"twitter:card\" content=\"summary_large_image\" \/>\n<meta name=\"twitter:label1\" content=\"Est. reading time\" \/>\n\t<meta name=\"twitter:data1\" content=\"1 minute\" \/>\n<script type=\"application\/ld+json\" class=\"yoast-schema-graph\">{\"@context\":\"https:\\\/\\\/schema.org\",\"@graph\":[{\"@type\":\"WebPage\",\"@id\":\"https:\\\/\\\/www.danord.it\\\/en\\\/product\\\/side-table-by-yngve-ekstrom-code-778\\\/\",\"url\":\"https:\\\/\\\/www.danord.it\\\/en\\\/product\\\/side-table-by-yngve-ekstrom-code-778\\\/\",\"name\":\"Side table by Yngve Ekstr\u00f6m - Code 778 - Danord\",\"isPartOf\":{\"@id\":\"https:\\\/\\\/www.danord.it\\\/en\\\/#website\"},\"primaryImageOfPage\":{\"@id\":\"https:\\\/\\\/www.danord.it\\\/en\\\/product\\\/side-table-by-yngve-ekstrom-code-778\\\/#primaryimage\"},\"image\":{\"@id\":\"https:\\\/\\\/www.danord.it\\\/en\\\/product\\\/side-table-by-yngve-ekstrom-code-778\\\/#primaryimage\"},\"thumbnailUrl\":\"https:\\\/\\\/www.danord.it\\\/wp-content\\\/uploads\\\/2016\\\/10\\\/DANORD_2016_11007_r.jpg\",\"datePublished\":\"2016-10-26T15:41:02+00:00\",\"dateModified\":\"2021-10-06T15:27:45+00:00\",\"description\":\"Side table by Yngve Ekstr\u00f6m - Code 778 su Danord - Design Storico Scandinavo\",\"breadcrumb\":{\"@id\":\"https:\\\/\\\/www.danord.it\\\/en\\\/product\\\/side-table-by-yngve-ekstrom-code-778\\\/#breadcrumb\"},\"inLanguage\":\"en-US\",\"potentialAction\":[{\"@type\":\"ReadAction\",\"target\":[\"https:\\\/\\\/www.danord.it\\\/en\\\/product\\\/side-table-by-yngve-ekstrom-code-778\\\/\"]}]},{\"@type\":\"ImageObject\",\"inLanguage\":\"en-US\",\"@id\":\"https:\\\/\\\/www.danord.it\\\/en\\\/product\\\/side-table-by-yngve-ekstrom-code-778\\\/#primaryimage\",\"url\":\"https:\\\/\\\/www.danord.it\\\/wp-content\\\/uploads\\\/2016\\\/10\\\/DANORD_2016_11007_r.jpg\",\"contentUrl\":\"https:\\\/\\\/www.danord.it\\\/wp-content\\\/uploads\\\/2016\\\/10\\\/DANORD_2016_11007_r.jpg\",\"width\":900,\"height\":600,\"caption\":\"Side table by Yngve Ekstr\u00f6m - cod.778\"},{\"@type\":\"BreadcrumbList\",\"@id\":\"https:\\\/\\\/www.danord.it\\\/en\\\/product\\\/side-table-by-yngve-ekstrom-code-778\\\/#breadcrumb\",\"itemListElement\":[{\"@type\":\"ListItem\",\"position\":1,\"name\":\"Home\",\"item\":\"https:\\\/\\\/www.danord.it\\\/en\\\/\"},{\"@type\":\"ListItem\",\"position\":2,\"name\":\"Shop\",\"item\":\"https:\\\/\\\/www.danord.it\\\/negozio\\\/\"},{\"@type\":\"ListItem\",\"position\":3,\"name\":\"Side table by Yngve Ekstr\u00f6m &#8211; Code 778\"}]},{\"@type\":\"WebSite\",\"@id\":\"https:\\\/\\\/www.danord.it\\\/en\\\/#website\",\"url\":\"https:\\\/\\\/www.danord.it\\\/en\\\/\",\"name\":\"Danord\",\"description\":\"Design Storico Scandinavo\",\"potentialAction\":[{\"@type\":\"SearchAction\",\"target\":{\"@type\":\"EntryPoint\",\"urlTemplate\":\"https:\\\/\\\/www.danord.it\\\/en\\\/?s={search_term_string}\"},\"query-input\":{\"@type\":\"PropertyValueSpecification\",\"valueRequired\":true,\"valueName\":\"search_term_string\"}}],\"inLanguage\":\"en-US\"}]}<\/script>\n<!-- \/ Yoast SEO plugin. -->","yoast_head_json":{"title":"Side table by Yngve Ekstr\u00f6m - Code 778 - Danord","description":"Side table by Yngve Ekstr\u00f6m - Code 778 su Danord - Design Storico Scandinavo","robots":{"index":"index","follow":"follow","max-snippet":"max-snippet:-1","max-image-preview":"max-image-preview:large","max-video-preview":"max-video-preview:-1"},"canonical":"https:\/\/www.danord.it\/en\/product\/side-table-by-yngve-ekstrom-code-778\/","og_locale":"en_US","og_type":"article","og_title":"Side table by Yngve Ekstr\u00f6m - Code 778 - Danord","og_description":"Side table by Yngve Ekstr\u00f6m - Code 778 su Danord - Design Storico Scandinavo","og_url":"https:\/\/www.danord.it\/en\/product\/side-table-by-yngve-ekstrom-code-778\/","og_site_name":"Danord","article_modified_time":"2021-10-06T15:27:45+00:00","og_image":[{"width":900,"height":600,"url":"https:\/\/www.danord.it\/wp-content\/uploads\/2016\/10\/DANORD_2016_11007_r.jpg","type":"image\/jpeg"}],"twitter_card":"summary_large_image","twitter_misc":{"Est. reading time":"1 minute"},"schema":{"@context":"https:\/\/schema.org","@graph":[{"@type":"WebPage","@id":"https:\/\/www.danord.it\/en\/product\/side-table-by-yngve-ekstrom-code-778\/","url":"https:\/\/www.danord.it\/en\/product\/side-table-by-yngve-ekstrom-code-778\/","name":"Side table by Yngve Ekstr\u00f6m - Code 778 - Danord","isPartOf":{"@id":"https:\/\/www.danord.it\/en\/#website"},"primaryImageOfPage":{"@id":"https:\/\/www.danord.it\/en\/product\/side-table-by-yngve-ekstrom-code-778\/#primaryimage"},"image":{"@id":"https:\/\/www.danord.it\/en\/product\/side-table-by-yngve-ekstrom-code-778\/#primaryimage"},"thumbnailUrl":"https:\/\/www.danord.it\/wp-content\/uploads\/2016\/10\/DANORD_2016_11007_r.jpg","datePublished":"2016-10-26T15:41:02+00:00","dateModified":"2021-10-06T15:27:45+00:00","description":"Side table by Yngve Ekstr\u00f6m - Code 778 su Danord - Design Storico Scandinavo","breadcrumb":{"@id":"https:\/\/www.danord.it\/en\/product\/side-table-by-yngve-ekstrom-code-778\/#breadcrumb"},"inLanguage":"en-US","potentialAction":[{"@type":"ReadAction","target":["https:\/\/www.danord.it\/en\/product\/side-table-by-yngve-ekstrom-code-778\/"]}]},{"@type":"ImageObject","inLanguage":"en-US","@id":"https:\/\/www.danord.it\/en\/product\/side-table-by-yngve-ekstrom-code-778\/#primaryimage","url":"https:\/\/www.danord.it\/wp-content\/uploads\/2016\/10\/DANORD_2016_11007_r.jpg","contentUrl":"https:\/\/www.danord.it\/wp-content\/uploads\/2016\/10\/DANORD_2016_11007_r.jpg","width":900,"height":600,"caption":"Side table by Yngve Ekstr\u00f6m - cod.778"},{"@type":"BreadcrumbList","@id":"https:\/\/www.danord.it\/en\/product\/side-table-by-yngve-ekstrom-code-778\/#breadcrumb","itemListElement":[{"@type":"ListItem","position":1,"name":"Home","item":"https:\/\/www.danord.it\/en\/"},{"@type":"ListItem","position":2,"name":"Shop","item":"https:\/\/www.danord.it\/negozio\/"},{"@type":"ListItem","position":3,"name":"Side table by Yngve Ekstr\u00f6m &#8211; Code 778"}]},{"@type":"WebSite","@id":"https:\/\/www.danord.it\/en\/#website","url":"https:\/\/www.danord.it\/en\/","name":"Danord","description":"Design Storico Scandinavo","potentialAction":[{"@type":"SearchAction","target":{"@type":"EntryPoint","urlTemplate":"https:\/\/www.danord.it\/en\/?s={search_term_string}"},"query-input":{"@type":"PropertyValueSpecification","valueRequired":true,"valueName":"search_term_string"}}],"inLanguage":"en-US"}]}},"_links":{"self":[{"href":"https:\/\/www.danord.it\/en\/wp-json\/wp\/v2\/product\/14389","targetHints":{"allow":["GET"]}}],"collection":[{"href":"https:\/\/www.danord.it\/en\/wp-json\/wp\/v2\/product"}],"about":[{"href":"https:\/\/www.danord.it\/en\/wp-json\/wp\/v2\/types\/product"}],"wp:featuredmedia":[{"embeddable":true,"href":"https:\/\/www.danord.it\/en\/wp-json\/wp\/v2\/media\/3876"}],"wp:attachment":[{"href":"https:\/\/www.danord.it\/en\/wp-json\/wp\/v2\/media?parent=14389"}],"wp:term":[{"taxonomy":"product_brand","embeddable":true,"href":"https:\/\/www.danord.it\/en\/wp-json\/wp\/v2\/product_brand?post=14389"},{"taxonomy":"product_cat","embeddable":true,"href":"https:\/\/www.danord.it\/en\/wp-json\/wp\/v2\/product_cat?post=14389"},{"taxonomy":"product_tag","embeddable":true,"href":"https:\/\/www.danord.it\/en\/wp-json\/wp\/v2\/product_tag?post=14389"}],"curies":[{"name":"wp","href":"https:\/\/api.w.org\/{rel}","templated":true}]}}