{"id":14393,"date":"2016-10-25T17:02:26","date_gmt":"2016-10-25T15:02:26","guid":{"rendered":"https:\/\/www.danord.it\/prodotto\/armchairs-fd-146-by-peter-hvidt-orla-molgaard-nielsen\/"},"modified":"2021-10-11T15:35:22","modified_gmt":"2021-10-11T13:35:22","slug":"armchairs-fd-146-by-peter-hvidt-orla-molgaard-nielsen","status":"publish","type":"product","link":"https:\/\/www.danord.it\/en\/product\/armchairs-fd-146-by-peter-hvidt-orla-molgaard-nielsen\/","title":{"rendered":"Armchairs -FD 146 By Peter Hvidt &amp; Orla Molgaard &#8211; Nielsen"},"content":{"rendered":"<p>Pair of arm-chairs in teak and woven cane, special version for this model.<\/p>\n<p>Wool pillows, Kvadrat.<\/p>\n<p>Designed by Peter Hvidt &amp; Orla Molgaard Nielsen in the mid 1950s and initially produced by Axel Albeck;<\/p>\n<p>Later in 1957, after some modifications to facilitate the export, the seat was produced by France &amp; Daverkosen.<\/p>\n<p>It consists of a teak structure and rattan backrest,<\/p>\n<p>Size: 63 x 63 \/ H. sed 43 \/ H schien. 84<\/p>\n<p>Peter Hvidt ( 1916\/ 1986) &#8211; Orla M\u00f8lgaard-Nielsen ( 1907 \/ 1993 ). The couple worked together from 1944 to 1975. In 1944 he designed the Hvidt Potex chair, which was the first stackable chair from Denmark, produced by Frtiz Hansen .<\/p>\n<p>Hvidt and M\u00f8lgaard also designed for companies such as Ludwig Pontoppidan, S\u00f8borg M\u00f6belfabrik and France &amp; Son . It was with S\u00f8borg and especially with France &amp; S\u00f8n that they produced their most significant designs. A common feature of the pieces for these two manufacturers was the production of solid wood models.<\/p>\n<p>&nbsp;<\/p>\n","protected":false},"excerpt":{"rendered":"<p>Pair of arm-chairs in teak and woven cane, special version for this model. Wool pillows, Kvadrat. Designed by Peter Hvidt &amp; Orla Molgaard Nielsen in the mid 1950s and initially produced by Axel Albeck; Later in 1957, after some modifications to facilitate the export, the seat was produced by France &amp; Daverkosen. It consists of [&hellip;]<\/p>\n","protected":false},"featured_media":3783,"template":"","meta":{"_acf_changed":false},"product_brand":[],"product_cat":[285],"product_tag":[],"class_list":{"0":"post-14393","1":"product","2":"type-product","3":"status-publish","4":"has-post-thumbnail","6":"product_cat-archive","8":"first","9":"instock","10":"taxable","11":"shipping-taxable","12":"product-type-simple"},"acf":[],"yoast_head":"<!-- This site is optimized with the Yoast SEO plugin v27.4 - https:\/\/yoast.com\/product\/yoast-seo-wordpress\/ -->\n<title>Armchairs -FD 146 By Peter Hvidt &amp; Orla Molgaard - Nielsen - Danord<\/title>\n<meta name=\"description\" content=\"Armchairs -FD 146 By Peter Hvidt &amp; Orla Molgaard - Nielsen su Danord - Design Storico Scandinavo\" \/>\n<meta name=\"robots\" content=\"index, follow, max-snippet:-1, max-image-preview:large, max-video-preview:-1\" \/>\n<link rel=\"canonical\" href=\"https:\/\/www.danord.it\/en\/product\/armchairs-fd-146-by-peter-hvidt-orla-molgaard-nielsen\/\" \/>\n<meta property=\"og:locale\" content=\"en_US\" \/>\n<meta property=\"og:type\" content=\"article\" \/>\n<meta property=\"og:title\" content=\"Armchairs -FD 146 By Peter Hvidt &amp; Orla Molgaard - Nielsen - Danord\" \/>\n<meta property=\"og:description\" content=\"Armchairs -FD 146 By Peter Hvidt &amp; Orla Molgaard - Nielsen su Danord - Design Storico Scandinavo\" \/>\n<meta property=\"og:url\" content=\"https:\/\/www.danord.it\/en\/product\/armchairs-fd-146-by-peter-hvidt-orla-molgaard-nielsen\/\" \/>\n<meta property=\"og:site_name\" content=\"Danord\" \/>\n<meta property=\"article:modified_time\" content=\"2021-10-11T13:35:22+00:00\" \/>\n<meta property=\"og:image\" content=\"https:\/\/www.danord.it\/wp-content\/uploads\/2016\/10\/DANORD_2016_7539.jpg\" \/>\n\t<meta property=\"og:image:width\" content=\"1200\" \/>\n\t<meta property=\"og:image:height\" content=\"807\" \/>\n\t<meta property=\"og:image:type\" content=\"image\/jpeg\" \/>\n<meta name=\"twitter:card\" content=\"summary_large_image\" \/>\n<meta name=\"twitter:label1\" content=\"Est. reading time\" \/>\n\t<meta name=\"twitter:data1\" content=\"1 minute\" \/>\n<script type=\"application\/ld+json\" class=\"yoast-schema-graph\">{\"@context\":\"https:\\\/\\\/schema.org\",\"@graph\":[{\"@type\":\"WebPage\",\"@id\":\"https:\\\/\\\/www.danord.it\\\/en\\\/product\\\/armchairs-fd-146-by-peter-hvidt-orla-molgaard-nielsen\\\/\",\"url\":\"https:\\\/\\\/www.danord.it\\\/en\\\/product\\\/armchairs-fd-146-by-peter-hvidt-orla-molgaard-nielsen\\\/\",\"name\":\"Armchairs -FD 146 By Peter Hvidt &amp; Orla Molgaard - Nielsen - Danord\",\"isPartOf\":{\"@id\":\"https:\\\/\\\/www.danord.it\\\/en\\\/#website\"},\"primaryImageOfPage\":{\"@id\":\"https:\\\/\\\/www.danord.it\\\/en\\\/product\\\/armchairs-fd-146-by-peter-hvidt-orla-molgaard-nielsen\\\/#primaryimage\"},\"image\":{\"@id\":\"https:\\\/\\\/www.danord.it\\\/en\\\/product\\\/armchairs-fd-146-by-peter-hvidt-orla-molgaard-nielsen\\\/#primaryimage\"},\"thumbnailUrl\":\"https:\\\/\\\/www.danord.it\\\/wp-content\\\/uploads\\\/2016\\\/10\\\/DANORD_2016_7539.jpg\",\"datePublished\":\"2016-10-25T15:02:26+00:00\",\"dateModified\":\"2021-10-11T13:35:22+00:00\",\"description\":\"Armchairs -FD 146 By Peter Hvidt &amp; Orla Molgaard - Nielsen su Danord - Design Storico Scandinavo\",\"breadcrumb\":{\"@id\":\"https:\\\/\\\/www.danord.it\\\/en\\\/product\\\/armchairs-fd-146-by-peter-hvidt-orla-molgaard-nielsen\\\/#breadcrumb\"},\"inLanguage\":\"en-US\",\"potentialAction\":[{\"@type\":\"ReadAction\",\"target\":[\"https:\\\/\\\/www.danord.it\\\/en\\\/product\\\/armchairs-fd-146-by-peter-hvidt-orla-molgaard-nielsen\\\/\"]}]},{\"@type\":\"ImageObject\",\"inLanguage\":\"en-US\",\"@id\":\"https:\\\/\\\/www.danord.it\\\/en\\\/product\\\/armchairs-fd-146-by-peter-hvidt-orla-molgaard-nielsen\\\/#primaryimage\",\"url\":\"https:\\\/\\\/www.danord.it\\\/wp-content\\\/uploads\\\/2016\\\/10\\\/DANORD_2016_7539.jpg\",\"contentUrl\":\"https:\\\/\\\/www.danord.it\\\/wp-content\\\/uploads\\\/2016\\\/10\\\/DANORD_2016_7539.jpg\",\"width\":1200,\"height\":807,\"caption\":\"Armchairs -FD 146 By Peter Hvidt &amp; Orla Molgaard - Nielsen\"},{\"@type\":\"BreadcrumbList\",\"@id\":\"https:\\\/\\\/www.danord.it\\\/en\\\/product\\\/armchairs-fd-146-by-peter-hvidt-orla-molgaard-nielsen\\\/#breadcrumb\",\"itemListElement\":[{\"@type\":\"ListItem\",\"position\":1,\"name\":\"Home\",\"item\":\"https:\\\/\\\/www.danord.it\\\/en\\\/\"},{\"@type\":\"ListItem\",\"position\":2,\"name\":\"Shop\",\"item\":\"https:\\\/\\\/www.danord.it\\\/negozio\\\/\"},{\"@type\":\"ListItem\",\"position\":3,\"name\":\"Armchairs -FD 146 By Peter Hvidt &amp; Orla Molgaard &#8211; Nielsen\"}]},{\"@type\":\"WebSite\",\"@id\":\"https:\\\/\\\/www.danord.it\\\/en\\\/#website\",\"url\":\"https:\\\/\\\/www.danord.it\\\/en\\\/\",\"name\":\"Danord\",\"description\":\"Design Storico Scandinavo\",\"potentialAction\":[{\"@type\":\"SearchAction\",\"target\":{\"@type\":\"EntryPoint\",\"urlTemplate\":\"https:\\\/\\\/www.danord.it\\\/en\\\/?s={search_term_string}\"},\"query-input\":{\"@type\":\"PropertyValueSpecification\",\"valueRequired\":true,\"valueName\":\"search_term_string\"}}],\"inLanguage\":\"en-US\"}]}<\/script>\n<!-- \/ Yoast SEO plugin. -->","yoast_head_json":{"title":"Armchairs -FD 146 By Peter Hvidt &amp; Orla Molgaard - Nielsen - Danord","description":"Armchairs -FD 146 By Peter Hvidt &amp; Orla Molgaard - Nielsen su Danord - Design Storico Scandinavo","robots":{"index":"index","follow":"follow","max-snippet":"max-snippet:-1","max-image-preview":"max-image-preview:large","max-video-preview":"max-video-preview:-1"},"canonical":"https:\/\/www.danord.it\/en\/product\/armchairs-fd-146-by-peter-hvidt-orla-molgaard-nielsen\/","og_locale":"en_US","og_type":"article","og_title":"Armchairs -FD 146 By Peter Hvidt &amp; Orla Molgaard - Nielsen - Danord","og_description":"Armchairs -FD 146 By Peter Hvidt &amp; Orla Molgaard - Nielsen su Danord - Design Storico Scandinavo","og_url":"https:\/\/www.danord.it\/en\/product\/armchairs-fd-146-by-peter-hvidt-orla-molgaard-nielsen\/","og_site_name":"Danord","article_modified_time":"2021-10-11T13:35:22+00:00","og_image":[{"width":1200,"height":807,"url":"https:\/\/www.danord.it\/wp-content\/uploads\/2016\/10\/DANORD_2016_7539.jpg","type":"image\/jpeg"}],"twitter_card":"summary_large_image","twitter_misc":{"Est. reading time":"1 minute"},"schema":{"@context":"https:\/\/schema.org","@graph":[{"@type":"WebPage","@id":"https:\/\/www.danord.it\/en\/product\/armchairs-fd-146-by-peter-hvidt-orla-molgaard-nielsen\/","url":"https:\/\/www.danord.it\/en\/product\/armchairs-fd-146-by-peter-hvidt-orla-molgaard-nielsen\/","name":"Armchairs -FD 146 By Peter Hvidt &amp; Orla Molgaard - Nielsen - Danord","isPartOf":{"@id":"https:\/\/www.danord.it\/en\/#website"},"primaryImageOfPage":{"@id":"https:\/\/www.danord.it\/en\/product\/armchairs-fd-146-by-peter-hvidt-orla-molgaard-nielsen\/#primaryimage"},"image":{"@id":"https:\/\/www.danord.it\/en\/product\/armchairs-fd-146-by-peter-hvidt-orla-molgaard-nielsen\/#primaryimage"},"thumbnailUrl":"https:\/\/www.danord.it\/wp-content\/uploads\/2016\/10\/DANORD_2016_7539.jpg","datePublished":"2016-10-25T15:02:26+00:00","dateModified":"2021-10-11T13:35:22+00:00","description":"Armchairs -FD 146 By Peter Hvidt &amp; Orla Molgaard - Nielsen su Danord - Design Storico Scandinavo","breadcrumb":{"@id":"https:\/\/www.danord.it\/en\/product\/armchairs-fd-146-by-peter-hvidt-orla-molgaard-nielsen\/#breadcrumb"},"inLanguage":"en-US","potentialAction":[{"@type":"ReadAction","target":["https:\/\/www.danord.it\/en\/product\/armchairs-fd-146-by-peter-hvidt-orla-molgaard-nielsen\/"]}]},{"@type":"ImageObject","inLanguage":"en-US","@id":"https:\/\/www.danord.it\/en\/product\/armchairs-fd-146-by-peter-hvidt-orla-molgaard-nielsen\/#primaryimage","url":"https:\/\/www.danord.it\/wp-content\/uploads\/2016\/10\/DANORD_2016_7539.jpg","contentUrl":"https:\/\/www.danord.it\/wp-content\/uploads\/2016\/10\/DANORD_2016_7539.jpg","width":1200,"height":807,"caption":"Armchairs -FD 146 By Peter Hvidt &amp; Orla Molgaard - Nielsen"},{"@type":"BreadcrumbList","@id":"https:\/\/www.danord.it\/en\/product\/armchairs-fd-146-by-peter-hvidt-orla-molgaard-nielsen\/#breadcrumb","itemListElement":[{"@type":"ListItem","position":1,"name":"Home","item":"https:\/\/www.danord.it\/en\/"},{"@type":"ListItem","position":2,"name":"Shop","item":"https:\/\/www.danord.it\/negozio\/"},{"@type":"ListItem","position":3,"name":"Armchairs -FD 146 By Peter Hvidt &amp; Orla Molgaard &#8211; Nielsen"}]},{"@type":"WebSite","@id":"https:\/\/www.danord.it\/en\/#website","url":"https:\/\/www.danord.it\/en\/","name":"Danord","description":"Design Storico Scandinavo","potentialAction":[{"@type":"SearchAction","target":{"@type":"EntryPoint","urlTemplate":"https:\/\/www.danord.it\/en\/?s={search_term_string}"},"query-input":{"@type":"PropertyValueSpecification","valueRequired":true,"valueName":"search_term_string"}}],"inLanguage":"en-US"}]}},"_links":{"self":[{"href":"https:\/\/www.danord.it\/en\/wp-json\/wp\/v2\/product\/14393","targetHints":{"allow":["GET"]}}],"collection":[{"href":"https:\/\/www.danord.it\/en\/wp-json\/wp\/v2\/product"}],"about":[{"href":"https:\/\/www.danord.it\/en\/wp-json\/wp\/v2\/types\/product"}],"wp:featuredmedia":[{"embeddable":true,"href":"https:\/\/www.danord.it\/en\/wp-json\/wp\/v2\/media\/3783"}],"wp:attachment":[{"href":"https:\/\/www.danord.it\/en\/wp-json\/wp\/v2\/media?parent=14393"}],"wp:term":[{"taxonomy":"product_brand","embeddable":true,"href":"https:\/\/www.danord.it\/en\/wp-json\/wp\/v2\/product_brand?post=14393"},{"taxonomy":"product_cat","embeddable":true,"href":"https:\/\/www.danord.it\/en\/wp-json\/wp\/v2\/product_cat?post=14393"},{"taxonomy":"product_tag","embeddable":true,"href":"https:\/\/www.danord.it\/en\/wp-json\/wp\/v2\/product_tag?post=14393"}],"curies":[{"name":"wp","href":"https:\/\/api.w.org\/{rel}","templated":true}]}}