{"id":15671,"date":"2015-07-01T11:26:48","date_gmt":"2015-07-01T09:26:48","guid":{"rendered":"https:\/\/www.danord.it\/prodotto\/danskina-rugs\/"},"modified":"2021-09-28T16:58:22","modified_gmt":"2021-09-28T14:58:22","slug":"danskina-rugs","status":"publish","type":"product","link":"https:\/\/www.danord.it\/en\/product\/danskina-rugs\/","title":{"rendered":"Danskina Rugs"},"content":{"rendered":"<p>Danskina e&#8217; una ditta danese che produce tappeti dal gusto contemporaneo.<\/p>\n<p>Si possono avere in vari modelli , su misura .<\/p>\n<p>http:\/\/www.danskina.com<\/p>\n<p>&nbsp;<\/p>\n<p>Danskina produce tappeti contemporanei, fatti su misura, con un carattere distintivo. Pionieri di tecniche di produzione innovative, siamo orgogliosi dell&#8217;eccezionale abilit\u00e0 artigianale, della lavorazione a mano e della qualit\u00e0 dei materiali. Prodotti prevalentemente nei Paesi Bassi, in Scozia, in Germania e in India, i tappeti Danskina portano un nuovo e caldo linguaggio di design sia negli spazi commerciali che in quelli residenziali.<\/p>\n<p>Danskina \u00e8 stata fondata nei Paesi Bassi da Piet e Ina van Eijken nel 1973. Fin dalla sua nascita, l&#8217;azienda si \u00e8 guadagnata una reputazione globale per la qualit\u00e0 e l&#8217;innovazione, per il rilancio di metodi di produzione da tempo perduti e per l&#8217;uso pionieristico del colore, dei materiali, delle strutture e delle tecniche. Il design \u00e8 sempre stato al centro della nostra filosofia e in passato abbiamo lavorato con talenti rinomati come Ulf Moritz, Studio Linse, Giulio Ridolfo e Cristian Zuzunaga.<\/p>\n<p>Nel 2013, sotto la guida congiunta dei partner di lunga data Kvadrat e Maharam, Danskina ha nominato Hella Jongerius Design Director. Hella \u00e8 stata una figura di spicco nel mondo del design di prodotto fin dai suoi primi lavori per Droog, il collettivo di design olandese, e ora nel suo studio berlinese Jongeriuslab, dove la ricerca sui materiali determina in larga misura la sua direzione progettuale.<\/p>\n<p>&nbsp;<\/p>\n<p>http:\/\/www.danskina.com<\/p>\n<p>&nbsp;<\/p>\n","protected":false},"excerpt":{"rendered":"<p>Danskina e&#8217; una ditta danese che produce tappeti dal gusto contemporaneo. Si possono avere in vari modelli , su misura . http:\/\/www.danskina.com &nbsp; Danskina produce tappeti contemporanei, fatti su misura, con un carattere distintivo. Pionieri di tecniche di produzione innovative, siamo orgogliosi dell&#8217;eccezionale abilit\u00e0 artigianale, della lavorazione a mano e della qualit\u00e0 dei materiali. Prodotti [&hellip;]<\/p>\n","protected":false},"featured_media":17834,"template":"","meta":{"_acf_changed":false},"product_brand":[],"product_cat":[316],"product_tag":[516,873],"class_list":{"0":"post-15671","1":"product","2":"type-product","3":"status-publish","4":"has-post-thumbnail","6":"product_cat-rugs","7":"product_tag-danish-design-en","8":"product_tag-kvadrat-en","10":"first","11":"instock","12":"taxable","13":"shipping-taxable","14":"product-type-simple"},"acf":[],"yoast_head":"<!-- This site is optimized with the Yoast SEO plugin v27.4 - https:\/\/yoast.com\/product\/yoast-seo-wordpress\/ -->\n<title>Danskina Rugs - Danord<\/title>\n<meta name=\"description\" content=\"Danskina Rugs su Danord - Design Storico Scandinavo\" \/>\n<meta name=\"robots\" content=\"index, follow, max-snippet:-1, max-image-preview:large, max-video-preview:-1\" \/>\n<link rel=\"canonical\" href=\"https:\/\/www.danord.it\/en\/product\/danskina-rugs\/\" \/>\n<meta property=\"og:locale\" content=\"en_US\" \/>\n<meta property=\"og:type\" content=\"article\" \/>\n<meta property=\"og:title\" content=\"Danskina Rugs - Danord\" \/>\n<meta property=\"og:description\" content=\"Danskina Rugs su Danord - Design Storico Scandinavo\" \/>\n<meta property=\"og:url\" content=\"https:\/\/www.danord.it\/en\/product\/danskina-rugs\/\" \/>\n<meta property=\"og:site_name\" content=\"Danord\" \/>\n<meta property=\"article:modified_time\" content=\"2021-09-28T14:58:22+00:00\" \/>\n<meta property=\"og:image\" content=\"https:\/\/www.danord.it\/wp-content\/uploads\/2015\/07\/UNADJUSTEDNONRAW_thumb_1745b.jpg\" \/>\n\t<meta property=\"og:image:width\" content=\"1086\" \/>\n\t<meta property=\"og:image:height\" content=\"724\" \/>\n\t<meta property=\"og:image:type\" content=\"image\/jpeg\" \/>\n<meta name=\"twitter:card\" content=\"summary_large_image\" \/>\n<meta name=\"twitter:label1\" content=\"Est. reading time\" \/>\n\t<meta name=\"twitter:data1\" content=\"1 minute\" \/>\n<script type=\"application\/ld+json\" class=\"yoast-schema-graph\">{\"@context\":\"https:\\\/\\\/schema.org\",\"@graph\":[{\"@type\":\"WebPage\",\"@id\":\"https:\\\/\\\/www.danord.it\\\/en\\\/product\\\/danskina-rugs\\\/\",\"url\":\"https:\\\/\\\/www.danord.it\\\/en\\\/product\\\/danskina-rugs\\\/\",\"name\":\"Danskina Rugs - Danord\",\"isPartOf\":{\"@id\":\"https:\\\/\\\/www.danord.it\\\/en\\\/#website\"},\"primaryImageOfPage\":{\"@id\":\"https:\\\/\\\/www.danord.it\\\/en\\\/product\\\/danskina-rugs\\\/#primaryimage\"},\"image\":{\"@id\":\"https:\\\/\\\/www.danord.it\\\/en\\\/product\\\/danskina-rugs\\\/#primaryimage\"},\"thumbnailUrl\":\"https:\\\/\\\/www.danord.it\\\/wp-content\\\/uploads\\\/2015\\\/07\\\/UNADJUSTEDNONRAW_thumb_1745b.jpg\",\"datePublished\":\"2015-07-01T09:26:48+00:00\",\"dateModified\":\"2021-09-28T14:58:22+00:00\",\"description\":\"Danskina Rugs su Danord - Design Storico Scandinavo\",\"breadcrumb\":{\"@id\":\"https:\\\/\\\/www.danord.it\\\/en\\\/product\\\/danskina-rugs\\\/#breadcrumb\"},\"inLanguage\":\"en-US\",\"potentialAction\":[{\"@type\":\"ReadAction\",\"target\":[\"https:\\\/\\\/www.danord.it\\\/en\\\/product\\\/danskina-rugs\\\/\"]}]},{\"@type\":\"ImageObject\",\"inLanguage\":\"en-US\",\"@id\":\"https:\\\/\\\/www.danord.it\\\/en\\\/product\\\/danskina-rugs\\\/#primaryimage\",\"url\":\"https:\\\/\\\/www.danord.it\\\/wp-content\\\/uploads\\\/2015\\\/07\\\/UNADJUSTEDNONRAW_thumb_1745b.jpg\",\"contentUrl\":\"https:\\\/\\\/www.danord.it\\\/wp-content\\\/uploads\\\/2015\\\/07\\\/UNADJUSTEDNONRAW_thumb_1745b.jpg\",\"width\":1086,\"height\":724},{\"@type\":\"BreadcrumbList\",\"@id\":\"https:\\\/\\\/www.danord.it\\\/en\\\/product\\\/danskina-rugs\\\/#breadcrumb\",\"itemListElement\":[{\"@type\":\"ListItem\",\"position\":1,\"name\":\"Home\",\"item\":\"https:\\\/\\\/www.danord.it\\\/en\\\/\"},{\"@type\":\"ListItem\",\"position\":2,\"name\":\"Shop\",\"item\":\"https:\\\/\\\/www.danord.it\\\/negozio\\\/\"},{\"@type\":\"ListItem\",\"position\":3,\"name\":\"Danskina Rugs\"}]},{\"@type\":\"WebSite\",\"@id\":\"https:\\\/\\\/www.danord.it\\\/en\\\/#website\",\"url\":\"https:\\\/\\\/www.danord.it\\\/en\\\/\",\"name\":\"Danord\",\"description\":\"Design Storico Scandinavo\",\"potentialAction\":[{\"@type\":\"SearchAction\",\"target\":{\"@type\":\"EntryPoint\",\"urlTemplate\":\"https:\\\/\\\/www.danord.it\\\/en\\\/?s={search_term_string}\"},\"query-input\":{\"@type\":\"PropertyValueSpecification\",\"valueRequired\":true,\"valueName\":\"search_term_string\"}}],\"inLanguage\":\"en-US\"}]}<\/script>\n<!-- \/ Yoast SEO plugin. -->","yoast_head_json":{"title":"Danskina Rugs - Danord","description":"Danskina Rugs su Danord - Design Storico Scandinavo","robots":{"index":"index","follow":"follow","max-snippet":"max-snippet:-1","max-image-preview":"max-image-preview:large","max-video-preview":"max-video-preview:-1"},"canonical":"https:\/\/www.danord.it\/en\/product\/danskina-rugs\/","og_locale":"en_US","og_type":"article","og_title":"Danskina Rugs - Danord","og_description":"Danskina Rugs su Danord - Design Storico Scandinavo","og_url":"https:\/\/www.danord.it\/en\/product\/danskina-rugs\/","og_site_name":"Danord","article_modified_time":"2021-09-28T14:58:22+00:00","og_image":[{"width":1086,"height":724,"url":"https:\/\/www.danord.it\/wp-content\/uploads\/2015\/07\/UNADJUSTEDNONRAW_thumb_1745b.jpg","type":"image\/jpeg"}],"twitter_card":"summary_large_image","twitter_misc":{"Est. reading time":"1 minute"},"schema":{"@context":"https:\/\/schema.org","@graph":[{"@type":"WebPage","@id":"https:\/\/www.danord.it\/en\/product\/danskina-rugs\/","url":"https:\/\/www.danord.it\/en\/product\/danskina-rugs\/","name":"Danskina Rugs - Danord","isPartOf":{"@id":"https:\/\/www.danord.it\/en\/#website"},"primaryImageOfPage":{"@id":"https:\/\/www.danord.it\/en\/product\/danskina-rugs\/#primaryimage"},"image":{"@id":"https:\/\/www.danord.it\/en\/product\/danskina-rugs\/#primaryimage"},"thumbnailUrl":"https:\/\/www.danord.it\/wp-content\/uploads\/2015\/07\/UNADJUSTEDNONRAW_thumb_1745b.jpg","datePublished":"2015-07-01T09:26:48+00:00","dateModified":"2021-09-28T14:58:22+00:00","description":"Danskina Rugs su Danord - Design Storico Scandinavo","breadcrumb":{"@id":"https:\/\/www.danord.it\/en\/product\/danskina-rugs\/#breadcrumb"},"inLanguage":"en-US","potentialAction":[{"@type":"ReadAction","target":["https:\/\/www.danord.it\/en\/product\/danskina-rugs\/"]}]},{"@type":"ImageObject","inLanguage":"en-US","@id":"https:\/\/www.danord.it\/en\/product\/danskina-rugs\/#primaryimage","url":"https:\/\/www.danord.it\/wp-content\/uploads\/2015\/07\/UNADJUSTEDNONRAW_thumb_1745b.jpg","contentUrl":"https:\/\/www.danord.it\/wp-content\/uploads\/2015\/07\/UNADJUSTEDNONRAW_thumb_1745b.jpg","width":1086,"height":724},{"@type":"BreadcrumbList","@id":"https:\/\/www.danord.it\/en\/product\/danskina-rugs\/#breadcrumb","itemListElement":[{"@type":"ListItem","position":1,"name":"Home","item":"https:\/\/www.danord.it\/en\/"},{"@type":"ListItem","position":2,"name":"Shop","item":"https:\/\/www.danord.it\/negozio\/"},{"@type":"ListItem","position":3,"name":"Danskina Rugs"}]},{"@type":"WebSite","@id":"https:\/\/www.danord.it\/en\/#website","url":"https:\/\/www.danord.it\/en\/","name":"Danord","description":"Design Storico Scandinavo","potentialAction":[{"@type":"SearchAction","target":{"@type":"EntryPoint","urlTemplate":"https:\/\/www.danord.it\/en\/?s={search_term_string}"},"query-input":{"@type":"PropertyValueSpecification","valueRequired":true,"valueName":"search_term_string"}}],"inLanguage":"en-US"}]}},"_links":{"self":[{"href":"https:\/\/www.danord.it\/en\/wp-json\/wp\/v2\/product\/15671","targetHints":{"allow":["GET"]}}],"collection":[{"href":"https:\/\/www.danord.it\/en\/wp-json\/wp\/v2\/product"}],"about":[{"href":"https:\/\/www.danord.it\/en\/wp-json\/wp\/v2\/types\/product"}],"wp:featuredmedia":[{"embeddable":true,"href":"https:\/\/www.danord.it\/en\/wp-json\/wp\/v2\/media\/17834"}],"wp:attachment":[{"href":"https:\/\/www.danord.it\/en\/wp-json\/wp\/v2\/media?parent=15671"}],"wp:term":[{"taxonomy":"product_brand","embeddable":true,"href":"https:\/\/www.danord.it\/en\/wp-json\/wp\/v2\/product_brand?post=15671"},{"taxonomy":"product_cat","embeddable":true,"href":"https:\/\/www.danord.it\/en\/wp-json\/wp\/v2\/product_cat?post=15671"},{"taxonomy":"product_tag","embeddable":true,"href":"https:\/\/www.danord.it\/en\/wp-json\/wp\/v2\/product_tag?post=15671"}],"curies":[{"name":"wp","href":"https:\/\/api.w.org\/{rel}","templated":true}]}}