{"id":31070,"date":"2024-01-22T17:47:25","date_gmt":"2024-01-22T16:47:25","guid":{"rendered":"https:\/\/www.danord.it\/prodotto\/shade-palette-1-rug-nanimarquina\/"},"modified":"2025-09-01T18:01:05","modified_gmt":"2025-09-01T16:01:05","slug":"shade-palette-1-rug-nanimarquina","status":"publish","type":"product","link":"https:\/\/www.danord.it\/en\/product\/shade-palette-1-rug-nanimarquina\/","title":{"rendered":"Shade Palette 1 RUG &#8211; Nanimarquina"},"content":{"rendered":"<p>100% wool rug ( New Zeland ), designed by Beg\u00fcm Cana \u00d6zg\u00fcr for Nanimarquina .<\/p>\n<p>The hand weaving by loom, gives the handcrafted look and uniqueness to this rug.<\/p>\n<p>The warp of wools in the various shades that weave together, end in the like bangs, revealing each color used.<\/p>\n<p>This is a thin and light rug with handcrafted charm and color shades inspired by the colors of nature .<\/p>\n<p>Also available in other color variations, and different sizes.<\/p>\n<p>In combination it is possible to match wonderful poufs, from the same series.<\/p>\n<p><strong>AVAILABLE TO ORDER<\/strong><\/p>\n<p>&nbsp;<\/p>\n<p>Dimension: 180 x 240<\/p>\n<p>Nanimarquina<\/p>\n","protected":false},"excerpt":{"rendered":"<p>100% wool rug ( New Zeland ), designed by Beg\u00fcm Cana \u00d6zg\u00fcr for Nanimarquina . The hand weaving by loom, gives the handcrafted look and uniqueness to this rug. The warp of wools in the various shades that weave together, end in the like bangs, revealing each color used. This is a thin and light [&hellip;]<\/p>\n","protected":false},"featured_media":31054,"template":"","meta":{"_acf_changed":false},"product_brand":[],"product_cat":[316],"product_tag":[],"class_list":{"0":"post-31070","1":"product","2":"type-product","3":"status-publish","4":"has-post-thumbnail","6":"product_cat-rugs","8":"first","9":"instock","10":"taxable","11":"shipping-taxable","12":"product-type-simple"},"acf":[],"yoast_head":"<!-- This site is optimized with the Yoast SEO plugin v27.5 - https:\/\/yoast.com\/product\/yoast-seo-wordpress\/ -->\n<title>Shade Palette 1 RUG - Nanimarquina - Danord<\/title>\n<meta name=\"description\" content=\"Shade Palette 1 RUG - Nanimarquina su Danord - Design Storico Scandinavo\" \/>\n<meta name=\"robots\" content=\"index, follow, max-snippet:-1, max-image-preview:large, max-video-preview:-1\" \/>\n<link rel=\"canonical\" href=\"https:\/\/www.danord.it\/en\/product\/shade-palette-1-rug-nanimarquina\/\" \/>\n<meta property=\"og:locale\" content=\"en_US\" \/>\n<meta property=\"og:type\" content=\"article\" \/>\n<meta property=\"og:title\" content=\"Shade Palette 1 RUG - Nanimarquina - Danord\" \/>\n<meta property=\"og:description\" content=\"Shade Palette 1 RUG - Nanimarquina su Danord - Design Storico Scandinavo\" \/>\n<meta property=\"og:url\" content=\"https:\/\/www.danord.it\/en\/product\/shade-palette-1-rug-nanimarquina\/\" \/>\n<meta property=\"og:site_name\" content=\"Danord\" \/>\n<meta property=\"article:modified_time\" content=\"2025-09-01T16:01:05+00:00\" \/>\n<meta property=\"og:image\" content=\"https:\/\/www.danord.it\/wp-content\/uploads\/2024\/01\/Danord_gennaio_2024_4009_X.jpeg\" \/>\n\t<meta property=\"og:image:width\" content=\"1620\" \/>\n\t<meta property=\"og:image:height\" content=\"1080\" \/>\n\t<meta property=\"og:image:type\" content=\"image\/jpeg\" \/>\n<meta name=\"twitter:card\" content=\"summary_large_image\" \/>\n<script type=\"application\/ld+json\" class=\"yoast-schema-graph\">{\"@context\":\"https:\\\/\\\/schema.org\",\"@graph\":[{\"@type\":\"WebPage\",\"@id\":\"https:\\\/\\\/www.danord.it\\\/en\\\/product\\\/shade-palette-1-rug-nanimarquina\\\/\",\"url\":\"https:\\\/\\\/www.danord.it\\\/en\\\/product\\\/shade-palette-1-rug-nanimarquina\\\/\",\"name\":\"Shade Palette 1 RUG - Nanimarquina - Danord\",\"isPartOf\":{\"@id\":\"https:\\\/\\\/www.danord.it\\\/en\\\/#website\"},\"primaryImageOfPage\":{\"@id\":\"https:\\\/\\\/www.danord.it\\\/en\\\/product\\\/shade-palette-1-rug-nanimarquina\\\/#primaryimage\"},\"image\":{\"@id\":\"https:\\\/\\\/www.danord.it\\\/en\\\/product\\\/shade-palette-1-rug-nanimarquina\\\/#primaryimage\"},\"thumbnailUrl\":\"https:\\\/\\\/www.danord.it\\\/wp-content\\\/uploads\\\/2024\\\/01\\\/Danord_gennaio_2024_4009_X.jpeg\",\"datePublished\":\"2024-01-22T16:47:25+00:00\",\"dateModified\":\"2025-09-01T16:01:05+00:00\",\"description\":\"Shade Palette 1 RUG - Nanimarquina su Danord - Design Storico Scandinavo\",\"breadcrumb\":{\"@id\":\"https:\\\/\\\/www.danord.it\\\/en\\\/product\\\/shade-palette-1-rug-nanimarquina\\\/#breadcrumb\"},\"inLanguage\":\"en-US\",\"potentialAction\":[{\"@type\":\"ReadAction\",\"target\":[\"https:\\\/\\\/www.danord.it\\\/en\\\/product\\\/shade-palette-1-rug-nanimarquina\\\/\"]}]},{\"@type\":\"ImageObject\",\"inLanguage\":\"en-US\",\"@id\":\"https:\\\/\\\/www.danord.it\\\/en\\\/product\\\/shade-palette-1-rug-nanimarquina\\\/#primaryimage\",\"url\":\"https:\\\/\\\/www.danord.it\\\/wp-content\\\/uploads\\\/2024\\\/01\\\/Danord_gennaio_2024_4009_X.jpeg\",\"contentUrl\":\"https:\\\/\\\/www.danord.it\\\/wp-content\\\/uploads\\\/2024\\\/01\\\/Danord_gennaio_2024_4009_X.jpeg\",\"width\":1620,\"height\":1080},{\"@type\":\"BreadcrumbList\",\"@id\":\"https:\\\/\\\/www.danord.it\\\/en\\\/product\\\/shade-palette-1-rug-nanimarquina\\\/#breadcrumb\",\"itemListElement\":[{\"@type\":\"ListItem\",\"position\":1,\"name\":\"Home\",\"item\":\"https:\\\/\\\/www.danord.it\\\/en\\\/\"},{\"@type\":\"ListItem\",\"position\":2,\"name\":\"Shop\",\"item\":\"https:\\\/\\\/www.danord.it\\\/negozio\\\/\"},{\"@type\":\"ListItem\",\"position\":3,\"name\":\"Shade Palette 1 RUG &#8211; Nanimarquina\"}]},{\"@type\":\"WebSite\",\"@id\":\"https:\\\/\\\/www.danord.it\\\/en\\\/#website\",\"url\":\"https:\\\/\\\/www.danord.it\\\/en\\\/\",\"name\":\"Danord\",\"description\":\"Design Storico Scandinavo\",\"potentialAction\":[{\"@type\":\"SearchAction\",\"target\":{\"@type\":\"EntryPoint\",\"urlTemplate\":\"https:\\\/\\\/www.danord.it\\\/en\\\/?s={search_term_string}\"},\"query-input\":{\"@type\":\"PropertyValueSpecification\",\"valueRequired\":true,\"valueName\":\"search_term_string\"}}],\"inLanguage\":\"en-US\"}]}<\/script>\n<!-- \/ Yoast SEO plugin. -->","yoast_head_json":{"title":"Shade Palette 1 RUG - Nanimarquina - Danord","description":"Shade Palette 1 RUG - Nanimarquina su Danord - Design Storico Scandinavo","robots":{"index":"index","follow":"follow","max-snippet":"max-snippet:-1","max-image-preview":"max-image-preview:large","max-video-preview":"max-video-preview:-1"},"canonical":"https:\/\/www.danord.it\/en\/product\/shade-palette-1-rug-nanimarquina\/","og_locale":"en_US","og_type":"article","og_title":"Shade Palette 1 RUG - Nanimarquina - Danord","og_description":"Shade Palette 1 RUG - Nanimarquina su Danord - Design Storico Scandinavo","og_url":"https:\/\/www.danord.it\/en\/product\/shade-palette-1-rug-nanimarquina\/","og_site_name":"Danord","article_modified_time":"2025-09-01T16:01:05+00:00","og_image":[{"width":1620,"height":1080,"url":"https:\/\/www.danord.it\/wp-content\/uploads\/2024\/01\/Danord_gennaio_2024_4009_X.jpeg","type":"image\/jpeg"}],"twitter_card":"summary_large_image","schema":{"@context":"https:\/\/schema.org","@graph":[{"@type":"WebPage","@id":"https:\/\/www.danord.it\/en\/product\/shade-palette-1-rug-nanimarquina\/","url":"https:\/\/www.danord.it\/en\/product\/shade-palette-1-rug-nanimarquina\/","name":"Shade Palette 1 RUG - Nanimarquina - Danord","isPartOf":{"@id":"https:\/\/www.danord.it\/en\/#website"},"primaryImageOfPage":{"@id":"https:\/\/www.danord.it\/en\/product\/shade-palette-1-rug-nanimarquina\/#primaryimage"},"image":{"@id":"https:\/\/www.danord.it\/en\/product\/shade-palette-1-rug-nanimarquina\/#primaryimage"},"thumbnailUrl":"https:\/\/www.danord.it\/wp-content\/uploads\/2024\/01\/Danord_gennaio_2024_4009_X.jpeg","datePublished":"2024-01-22T16:47:25+00:00","dateModified":"2025-09-01T16:01:05+00:00","description":"Shade Palette 1 RUG - Nanimarquina su Danord - Design Storico Scandinavo","breadcrumb":{"@id":"https:\/\/www.danord.it\/en\/product\/shade-palette-1-rug-nanimarquina\/#breadcrumb"},"inLanguage":"en-US","potentialAction":[{"@type":"ReadAction","target":["https:\/\/www.danord.it\/en\/product\/shade-palette-1-rug-nanimarquina\/"]}]},{"@type":"ImageObject","inLanguage":"en-US","@id":"https:\/\/www.danord.it\/en\/product\/shade-palette-1-rug-nanimarquina\/#primaryimage","url":"https:\/\/www.danord.it\/wp-content\/uploads\/2024\/01\/Danord_gennaio_2024_4009_X.jpeg","contentUrl":"https:\/\/www.danord.it\/wp-content\/uploads\/2024\/01\/Danord_gennaio_2024_4009_X.jpeg","width":1620,"height":1080},{"@type":"BreadcrumbList","@id":"https:\/\/www.danord.it\/en\/product\/shade-palette-1-rug-nanimarquina\/#breadcrumb","itemListElement":[{"@type":"ListItem","position":1,"name":"Home","item":"https:\/\/www.danord.it\/en\/"},{"@type":"ListItem","position":2,"name":"Shop","item":"https:\/\/www.danord.it\/negozio\/"},{"@type":"ListItem","position":3,"name":"Shade Palette 1 RUG &#8211; Nanimarquina"}]},{"@type":"WebSite","@id":"https:\/\/www.danord.it\/en\/#website","url":"https:\/\/www.danord.it\/en\/","name":"Danord","description":"Design Storico Scandinavo","potentialAction":[{"@type":"SearchAction","target":{"@type":"EntryPoint","urlTemplate":"https:\/\/www.danord.it\/en\/?s={search_term_string}"},"query-input":{"@type":"PropertyValueSpecification","valueRequired":true,"valueName":"search_term_string"}}],"inLanguage":"en-US"}]}},"_links":{"self":[{"href":"https:\/\/www.danord.it\/en\/wp-json\/wp\/v2\/product\/31070","targetHints":{"allow":["GET"]}}],"collection":[{"href":"https:\/\/www.danord.it\/en\/wp-json\/wp\/v2\/product"}],"about":[{"href":"https:\/\/www.danord.it\/en\/wp-json\/wp\/v2\/types\/product"}],"wp:featuredmedia":[{"embeddable":true,"href":"https:\/\/www.danord.it\/en\/wp-json\/wp\/v2\/media\/31054"}],"wp:attachment":[{"href":"https:\/\/www.danord.it\/en\/wp-json\/wp\/v2\/media?parent=31070"}],"wp:term":[{"taxonomy":"product_brand","embeddable":true,"href":"https:\/\/www.danord.it\/en\/wp-json\/wp\/v2\/product_brand?post=31070"},{"taxonomy":"product_cat","embeddable":true,"href":"https:\/\/www.danord.it\/en\/wp-json\/wp\/v2\/product_cat?post=31070"},{"taxonomy":"product_tag","embeddable":true,"href":"https:\/\/www.danord.it\/en\/wp-json\/wp\/v2\/product_tag?post=31070"}],"curies":[{"name":"wp","href":"https:\/\/api.w.org\/{rel}","templated":true}]}}