{"id":31425,"date":"2024-02-22T15:55:06","date_gmt":"2024-02-22T14:55:06","guid":{"rendered":"https:\/\/www.danord.it\/prodotto\/hulso-shelves-finn-juhl-1949\/"},"modified":"2026-02-05T11:06:08","modified_gmt":"2026-02-05T10:06:08","slug":"hulso-shelves-finn-juhl-1949","status":"publish","type":"product","link":"https:\/\/www.danord.it\/en\/product\/hulso-shelves-finn-juhl-1949\/","title":{"rendered":"Huls\u00f8 shelves | Finn Juhl | 1949"},"content":{"rendered":"<p>The organic form of the Huls\u00f8 shelf challenges the conventional concept of the shelf as a simple backdrop for exhibits. The Huls\u00f8 shelf is an artistic element in its own right, adding aesthetic value to any room beyond its function.<\/p>\n<p>When several shelves are combined, they create a cohesive, organic expression with soft, curved lines, adding both function and decoration to any space. The Huls\u00f8 shelf is available in FSC\u00ae-certified oak or solid walnut and can be wall-mounted individually, in rows or in free-standing compositions.<\/p>\n<p>Although Finn Juhl is best known for his sculpture furniture, his talent was not limited to this area. Trained as an architect, he excelled in creating magnificent exhibitions and holistic interiors. A significant example is his iconic work for the Trusteeship Council Chamber at the United Nations Headquarters in New York in 1952.<\/p>\n<p>It was this holistic approach that led Finn Juhl to design the bookshelf that House of Finn Juhl called Huls\u00f8. During a review of the drawing archive, a wave-shaped shelf with beautiful detailing was discovered, initially part of an interior design for Magister W. Andersen&#8217;s &#8216;winter garden&#8217; in Huls\u00f8 Ege, Rungsted, Denmark.<\/p>\n<p>&nbsp;<\/p>\n<p><strong>AVAILABLE ON ORDER<\/strong><\/p>\n","protected":false},"excerpt":{"rendered":"<p>The organic form of the Huls\u00f8 shelf challenges the conventional concept of the shelf as a simple backdrop for exhibits. The Huls\u00f8 shelf is an artistic element in its own right, adding aesthetic value to any room beyond its function. When several shelves are combined, they create a cohesive, organic expression with soft, curved lines, [&hellip;]<\/p>\n","protected":false},"featured_media":31402,"template":"","meta":{"_acf_changed":false},"product_brand":[],"product_cat":[315,314],"product_tag":[516,965,705,711,824,964],"class_list":{"0":"post-31425","1":"product","2":"type-product","3":"status-publish","4":"has-post-thumbnail","6":"product_cat-complements","7":"product_cat-furniture-scandinavian-design","8":"product_tag-danish-design-en","9":"product_tag-danish-icons-en","10":"product_tag-finn-juhl-en","11":"product_tag-house-of-finn-juhl-en","12":"product_tag-organic-design-en","13":"product_tag-shelves-en","15":"first","16":"instock","17":"taxable","18":"shipping-taxable","19":"product-type-simple"},"acf":[],"yoast_head":"<!-- This site is optimized with the Yoast SEO plugin v27.3 - https:\/\/yoast.com\/product\/yoast-seo-wordpress\/ -->\n<title>Huls\u00f8 shelves | Finn Juhl | 1949 - Danord<\/title>\n<meta name=\"description\" content=\"Huls\u00f8 shelves | Finn Juhl | 1949 su Danord - Design Storico Scandinavo\" \/>\n<meta name=\"robots\" content=\"index, follow, max-snippet:-1, max-image-preview:large, max-video-preview:-1\" \/>\n<link rel=\"canonical\" href=\"https:\/\/www.danord.it\/en\/product\/hulso-shelves-finn-juhl-1949\/\" \/>\n<meta property=\"og:locale\" content=\"en_US\" \/>\n<meta property=\"og:type\" content=\"article\" \/>\n<meta property=\"og:title\" content=\"Huls\u00f8 shelves | Finn Juhl | 1949 - Danord\" \/>\n<meta property=\"og:description\" content=\"Huls\u00f8 shelves | Finn Juhl | 1949 su Danord - Design Storico Scandinavo\" \/>\n<meta property=\"og:url\" content=\"https:\/\/www.danord.it\/en\/product\/hulso-shelves-finn-juhl-1949\/\" \/>\n<meta property=\"og:site_name\" content=\"Danord\" \/>\n<meta property=\"article:modified_time\" content=\"2026-02-05T10:06:08+00:00\" \/>\n<meta property=\"og:image\" content=\"https:\/\/www.danord.it\/wp-content\/uploads\/2024\/02\/Hulso-walnut-and-oak-679.jpg\" \/>\n\t<meta property=\"og:image:width\" content=\"1432\" \/>\n\t<meta property=\"og:image:height\" content=\"1206\" \/>\n\t<meta property=\"og:image:type\" content=\"image\/jpeg\" \/>\n<meta name=\"twitter:card\" content=\"summary_large_image\" \/>\n<meta name=\"twitter:label1\" content=\"Est. reading time\" \/>\n\t<meta name=\"twitter:data1\" content=\"1 minute\" \/>\n<script type=\"application\/ld+json\" class=\"yoast-schema-graph\">{\"@context\":\"https:\\\/\\\/schema.org\",\"@graph\":[{\"@type\":\"WebPage\",\"@id\":\"https:\\\/\\\/www.danord.it\\\/en\\\/product\\\/hulso-shelves-finn-juhl-1949\\\/\",\"url\":\"https:\\\/\\\/www.danord.it\\\/en\\\/product\\\/hulso-shelves-finn-juhl-1949\\\/\",\"name\":\"Huls\u00f8 shelves | Finn Juhl | 1949 - Danord\",\"isPartOf\":{\"@id\":\"https:\\\/\\\/www.danord.it\\\/en\\\/#website\"},\"primaryImageOfPage\":{\"@id\":\"https:\\\/\\\/www.danord.it\\\/en\\\/product\\\/hulso-shelves-finn-juhl-1949\\\/#primaryimage\"},\"image\":{\"@id\":\"https:\\\/\\\/www.danord.it\\\/en\\\/product\\\/hulso-shelves-finn-juhl-1949\\\/#primaryimage\"},\"thumbnailUrl\":\"https:\\\/\\\/www.danord.it\\\/wp-content\\\/uploads\\\/2024\\\/02\\\/Hulso-walnut-and-oak-679.jpg\",\"datePublished\":\"2024-02-22T14:55:06+00:00\",\"dateModified\":\"2026-02-05T10:06:08+00:00\",\"description\":\"Huls\u00f8 shelves | Finn Juhl | 1949 su Danord - Design Storico Scandinavo\",\"breadcrumb\":{\"@id\":\"https:\\\/\\\/www.danord.it\\\/en\\\/product\\\/hulso-shelves-finn-juhl-1949\\\/#breadcrumb\"},\"inLanguage\":\"en-US\",\"potentialAction\":[{\"@type\":\"ReadAction\",\"target\":[\"https:\\\/\\\/www.danord.it\\\/en\\\/product\\\/hulso-shelves-finn-juhl-1949\\\/\"]}]},{\"@type\":\"ImageObject\",\"inLanguage\":\"en-US\",\"@id\":\"https:\\\/\\\/www.danord.it\\\/en\\\/product\\\/hulso-shelves-finn-juhl-1949\\\/#primaryimage\",\"url\":\"https:\\\/\\\/www.danord.it\\\/wp-content\\\/uploads\\\/2024\\\/02\\\/Hulso-walnut-and-oak-679.jpg\",\"contentUrl\":\"https:\\\/\\\/www.danord.it\\\/wp-content\\\/uploads\\\/2024\\\/02\\\/Hulso-walnut-and-oak-679.jpg\",\"width\":1432,\"height\":1206},{\"@type\":\"BreadcrumbList\",\"@id\":\"https:\\\/\\\/www.danord.it\\\/en\\\/product\\\/hulso-shelves-finn-juhl-1949\\\/#breadcrumb\",\"itemListElement\":[{\"@type\":\"ListItem\",\"position\":1,\"name\":\"Home\",\"item\":\"https:\\\/\\\/www.danord.it\\\/en\\\/\"},{\"@type\":\"ListItem\",\"position\":2,\"name\":\"Shop\",\"item\":\"https:\\\/\\\/www.danord.it\\\/negozio\\\/\"},{\"@type\":\"ListItem\",\"position\":3,\"name\":\"Huls\u00f8 shelves | Finn Juhl | 1949\"}]},{\"@type\":\"WebSite\",\"@id\":\"https:\\\/\\\/www.danord.it\\\/en\\\/#website\",\"url\":\"https:\\\/\\\/www.danord.it\\\/en\\\/\",\"name\":\"Danord\",\"description\":\"Design Storico Scandinavo\",\"potentialAction\":[{\"@type\":\"SearchAction\",\"target\":{\"@type\":\"EntryPoint\",\"urlTemplate\":\"https:\\\/\\\/www.danord.it\\\/en\\\/?s={search_term_string}\"},\"query-input\":{\"@type\":\"PropertyValueSpecification\",\"valueRequired\":true,\"valueName\":\"search_term_string\"}}],\"inLanguage\":\"en-US\"}]}<\/script>\n<!-- \/ Yoast SEO plugin. -->","yoast_head_json":{"title":"Huls\u00f8 shelves | Finn Juhl | 1949 - Danord","description":"Huls\u00f8 shelves | Finn Juhl | 1949 su Danord - Design Storico Scandinavo","robots":{"index":"index","follow":"follow","max-snippet":"max-snippet:-1","max-image-preview":"max-image-preview:large","max-video-preview":"max-video-preview:-1"},"canonical":"https:\/\/www.danord.it\/en\/product\/hulso-shelves-finn-juhl-1949\/","og_locale":"en_US","og_type":"article","og_title":"Huls\u00f8 shelves | Finn Juhl | 1949 - Danord","og_description":"Huls\u00f8 shelves | Finn Juhl | 1949 su Danord - Design Storico Scandinavo","og_url":"https:\/\/www.danord.it\/en\/product\/hulso-shelves-finn-juhl-1949\/","og_site_name":"Danord","article_modified_time":"2026-02-05T10:06:08+00:00","og_image":[{"width":1432,"height":1206,"url":"https:\/\/www.danord.it\/wp-content\/uploads\/2024\/02\/Hulso-walnut-and-oak-679.jpg","type":"image\/jpeg"}],"twitter_card":"summary_large_image","twitter_misc":{"Est. reading time":"1 minute"},"schema":{"@context":"https:\/\/schema.org","@graph":[{"@type":"WebPage","@id":"https:\/\/www.danord.it\/en\/product\/hulso-shelves-finn-juhl-1949\/","url":"https:\/\/www.danord.it\/en\/product\/hulso-shelves-finn-juhl-1949\/","name":"Huls\u00f8 shelves | Finn Juhl | 1949 - Danord","isPartOf":{"@id":"https:\/\/www.danord.it\/en\/#website"},"primaryImageOfPage":{"@id":"https:\/\/www.danord.it\/en\/product\/hulso-shelves-finn-juhl-1949\/#primaryimage"},"image":{"@id":"https:\/\/www.danord.it\/en\/product\/hulso-shelves-finn-juhl-1949\/#primaryimage"},"thumbnailUrl":"https:\/\/www.danord.it\/wp-content\/uploads\/2024\/02\/Hulso-walnut-and-oak-679.jpg","datePublished":"2024-02-22T14:55:06+00:00","dateModified":"2026-02-05T10:06:08+00:00","description":"Huls\u00f8 shelves | Finn Juhl | 1949 su Danord - Design Storico Scandinavo","breadcrumb":{"@id":"https:\/\/www.danord.it\/en\/product\/hulso-shelves-finn-juhl-1949\/#breadcrumb"},"inLanguage":"en-US","potentialAction":[{"@type":"ReadAction","target":["https:\/\/www.danord.it\/en\/product\/hulso-shelves-finn-juhl-1949\/"]}]},{"@type":"ImageObject","inLanguage":"en-US","@id":"https:\/\/www.danord.it\/en\/product\/hulso-shelves-finn-juhl-1949\/#primaryimage","url":"https:\/\/www.danord.it\/wp-content\/uploads\/2024\/02\/Hulso-walnut-and-oak-679.jpg","contentUrl":"https:\/\/www.danord.it\/wp-content\/uploads\/2024\/02\/Hulso-walnut-and-oak-679.jpg","width":1432,"height":1206},{"@type":"BreadcrumbList","@id":"https:\/\/www.danord.it\/en\/product\/hulso-shelves-finn-juhl-1949\/#breadcrumb","itemListElement":[{"@type":"ListItem","position":1,"name":"Home","item":"https:\/\/www.danord.it\/en\/"},{"@type":"ListItem","position":2,"name":"Shop","item":"https:\/\/www.danord.it\/negozio\/"},{"@type":"ListItem","position":3,"name":"Huls\u00f8 shelves | Finn Juhl | 1949"}]},{"@type":"WebSite","@id":"https:\/\/www.danord.it\/en\/#website","url":"https:\/\/www.danord.it\/en\/","name":"Danord","description":"Design Storico Scandinavo","potentialAction":[{"@type":"SearchAction","target":{"@type":"EntryPoint","urlTemplate":"https:\/\/www.danord.it\/en\/?s={search_term_string}"},"query-input":{"@type":"PropertyValueSpecification","valueRequired":true,"valueName":"search_term_string"}}],"inLanguage":"en-US"}]}},"_links":{"self":[{"href":"https:\/\/www.danord.it\/en\/wp-json\/wp\/v2\/product\/31425","targetHints":{"allow":["GET"]}}],"collection":[{"href":"https:\/\/www.danord.it\/en\/wp-json\/wp\/v2\/product"}],"about":[{"href":"https:\/\/www.danord.it\/en\/wp-json\/wp\/v2\/types\/product"}],"wp:featuredmedia":[{"embeddable":true,"href":"https:\/\/www.danord.it\/en\/wp-json\/wp\/v2\/media\/31402"}],"wp:attachment":[{"href":"https:\/\/www.danord.it\/en\/wp-json\/wp\/v2\/media?parent=31425"}],"wp:term":[{"taxonomy":"product_brand","embeddable":true,"href":"https:\/\/www.danord.it\/en\/wp-json\/wp\/v2\/product_brand?post=31425"},{"taxonomy":"product_cat","embeddable":true,"href":"https:\/\/www.danord.it\/en\/wp-json\/wp\/v2\/product_cat?post=31425"},{"taxonomy":"product_tag","embeddable":true,"href":"https:\/\/www.danord.it\/en\/wp-json\/wp\/v2\/product_tag?post=31425"}],"curies":[{"name":"wp","href":"https:\/\/api.w.org\/{rel}","templated":true}]}}